{"id":15,"date":"2015-02-21T18:24:50","date_gmt":"2015-02-21T17:24:50","guid":{"rendered":"http:\/\/mklaerig.bplaced.net\/?page_id=15"},"modified":"2018-12-04T08:45:52","modified_gmt":"2018-12-04T08:45:52","slug":"impressum","status":"publish","type":"page","link":"https:\/\/klaerig-engineering.de\/?page_id=15","title":{"rendered":"Impressum"},"content":{"rendered":"<p><strong>Kl\u00e4rig Engineering ist:<\/strong><\/p>\n<p>Manuel Kl\u00e4rig<\/p>\n<p>Br\u00e4ukellerweg 2<\/p>\n<p>92286 Rieden<\/p>\n<p><a href=\"mailto:info(at)klaerig-engineering.de\" target=\"_blank\" rel=\"noopener\">info(at)klaerig-engineering.de<\/a><\/p>\n<p>Telefon +49 160 354 777 2<\/p>\n<p>USt-IdNr. DE298867768<\/p>\n<p>&nbsp;<\/p>\n<h1><strong>KEIN LADENGESCH\u00c4FT ! <\/strong><\/h1>\n<h1><strong>Pers\u00f6nliche Abholung aus logistischen Gr\u00fcnden ausgeschlossen\u00a0!<\/strong><\/h1>\n","protected":false},"excerpt":{"rendered":"<p>Kl\u00e4rig Engineering ist: Manuel Kl\u00e4rig Br\u00e4ukellerweg 2 92286 Rieden info(at)klaerig-engineering.de Telefon +49 160 354 777 2 USt-IdNr. DE298867768 &nbsp; KEIN LADENGESCH\u00c4FT ! Pers\u00f6nliche Abholung aus logistischen Gr\u00fcnden ausgeschlossen\u00a0!<\/p>\n","protected":false},"author":1,"featured_media":0,"parent":0,"menu_order":0,"comment_status":"closed","ping_status":"closed","template":"","meta":{"footnotes":""},"class_list":["post-15","page","type-page","status-publish","czr-hentry"],"_links":{"self":[{"href":"https:\/\/klaerig-engineering.de\/index.php?rest_route=\/wp\/v2\/pages\/15","targetHints":{"allow":["GET"]}}],"collection":[{"href":"https:\/\/klaerig-engineering.de\/index.php?rest_route=\/wp\/v2\/pages"}],"about":[{"href":"https:\/\/klaerig-engineering.de\/index.php?rest_route=\/wp\/v2\/types\/page"}],"author":[{"embeddable":true,"href":"https:\/\/klaerig-engineering.de\/index.php?rest_route=\/wp\/v2\/users\/1"}],"replies":[{"embeddable":true,"href":"https:\/\/klaerig-engineering.de\/index.php?rest_route=%2Fwp%2Fv2%2Fcomments&post=15"}],"version-history":[{"count":6,"href":"https:\/\/klaerig-engineering.de\/index.php?rest_route=\/wp\/v2\/pages\/15\/revisions"}],"predecessor-version":[{"id":249,"href":"https:\/\/klaerig-engineering.de\/index.php?rest_route=\/wp\/v2\/pages\/15\/revisions\/249"}],"wp:attachment":[{"href":"https:\/\/klaerig-engineering.de\/index.php?rest_route=%2Fwp%2Fv2%2Fmedia&parent=15"}],"curies":[{"name":"wp","href":"https:\/\/api.w.org\/{rel}","templated":true}]}}