{"id":39,"date":"2015-03-15T20:43:18","date_gmt":"2015-03-15T19:43:18","guid":{"rendered":"http:\/\/mklaerig.bplaced.net\/?page_id=39"},"modified":"2018-01-17T19:47:15","modified_gmt":"2018-01-17T19:47:15","slug":"warum-muendungsbremsen","status":"publish","type":"page","link":"https:\/\/klaerig-engineering.de\/?page_id=39","title":{"rendered":"Infos zu M\u00fcndungsbremsen"},"content":{"rendered":"<p><strong>Was sind M\u00fcndungsbremsen \u00fcberhaupt ?<\/strong><\/p>\n<p>M\u00fcndungsbremsen werden an\u00a0die\u00a0Laufm\u00fcndung einer Schusswaffe montiert, um bestimmte negative Eigenschaften zu reduzieren.<\/p>\n<p>Die Klassischen negativen Eigenschaften sind: R\u00fccksto\u00df, Hochschlag, M\u00fcndungsfeuer und Schussknall.<\/p>\n<p>Die ersten 3 Punkte (R\u00fccksto\u00df, Hochschlag und M\u00fcndungsfeuer) kann man mit einer guten Bremse reduzieren, den Schussknall nur mit einem\u00a0Schalld\u00e4mpfer.<\/p>\n<p>M\u00fcndungsbremsen k\u00f6nnen von jedermann frei erworben werden. Schalld\u00e4mpfer sind erlaubnispflichtige Gegenst\u00e4nde. Sie sind (Erwerb \/ Besitz) den Schusswaffen, f\u00fcr die sie bestimmt sind, gleichgestellt. (also erlaubnispflichtig)<\/p>\n<p>Wie alles im Leben, gibt es auch in der Physik nichts umsonst. Das hei\u00dft ein positiver Effekt wird gegen einen negativen Effekt eingetauscht.\u00a0Bei einer M\u00fcndungsbremse werden zwar R\u00fccksto\u00df, Hochschlag und M\u00fcndungsfeuer reduziert, daf\u00fcr steigt die empfundene Lautst\u00e4rke am Sch\u00fctzenohr.<\/p>\n<p>In Aller Regel ist man mit einer M\u00fcndungsbremse auch beim Schie\u00dfstand-Nachbarn\u00a0unbeliebt, denn auch der h\u00f6rt den lauteren Knall und wird dazu mit den hei\u00dfen Pulvergasen &#8222;gef\u00f6hnt&#8220;.<\/p>\n<p>Das liegt am Funktionsprinzip einer M\u00fcndungsbremse.<\/p>\n<p>&nbsp;<\/p>\n<p><strong>Wie funktioniert eine M\u00fcndungsbremse ?<\/strong><\/p>\n<p>Kr\u00e4fte treten immer paarweise auf. \u00dcbt ein K\u00f6rper A auf einen anderen K\u00f6rper B eine Kraft aus (<i>actio<\/i>), so wirkt eine gleich gro\u00dfe, aber entgegen gerichtete Kraft von K\u00f6rper B auf K\u00f6rper A (<i>reactio<\/i>)\u201c<\/p>\n<p>(3. Newtonsches Axiom)<\/p>\n<p>Vereinfacht ausgedr\u00fcckt hei\u00dft das im Falle einer Schusswaffe: W\u00e4hrend das Geschoss in Richtung Kugelfang geschoben wird, wird die Waffe in Richtung Sch\u00fctze geschoben.<\/p>\n<p>Eine M\u00fcndungsbremse nutzt\u00a0Pulvergase, die den Lauf verlassen , und lenkt diese um (nach rechts\/links, Richtung Sch\u00fctzen, und nach oben). Diese umgelenkten Pulvergase dr\u00fccken den\u00a0Lauf entgegen der Richtung in die sie ausstr\u00f6men. Das kann man sich \u00e4hnlich vorstellen, wie ein Raketentriebwerk, nur dass alles in dem Bruchteil einer Sekunde abl\u00e4uft.<\/p>\n<p>Einen guten Eindruck, was die umgelenkten Gase beim Nachbarn bewirken sieht man im 2. Video unten. Bitte beachten Sie, wie die Druckwelle der seitlich ausstr\u00f6menden Pulvergase\u00a0das\u00a0Skala-Poster verformt&#8230;.<\/p>\n<p><strong>Verbessert eine M\u00fcndungsbremse die Pr\u00e4zision ?<\/strong><\/p>\n<p>Ja, denn ein Teil der Pulvergase werden vom Geschossweg abgetrennt und k\u00f6nnen es damit weniger beeinflussen. Den Effekt\u00a0k\u00f6nnen Sie aber in der Regel nur als Wiederlader ausnutzen.<\/p>\n<p>In der Praxis hat das zus\u00e4tzliche Gewicht (der Bremse) an der Laufm\u00fcndung mehr Einflu\u00df auf die Pr\u00e4zision, denn das Schwingungsverhalten des Laufes wird dadurch\u00a0ver\u00e4ndert. Als Wiederlader k\u00f6nnen Sie die Laborierung jederzeit auf das neue Schwingungsverhalten abstimmen und k\u00f6nnen damit das verbesserte Pr\u00e4zisionspotenzial aussch\u00f6pfen. Wenn Sie auf Fabrikmunition angewiesen sind, m\u00fcssen Sie probieren. Was anderes bleibt Ihnen leider nicht \u00fcbrig.<\/p>\n<p>Das gilt \u00fcbrigens f\u00fcr ALLE M\u00fcndungsbremsen, nicht nur f\u00fcr Kl\u00e4rig-Engineering M\u00fcndungsbremsen.<\/p>\n<p><strong>Videos<\/strong><\/p>\n<p>Im ersten Video sieht man, das gro\u00dfe M\u00fcndungsfeuer, das den J\u00e4ger in der Nacht blendet. Man sieht, wie die Waffe im R\u00fccksto\u00df springt und wie sie schlie\u00dflich\u00a0nicht mehr an der selben Stelle zur Ruhe kommt, wie\u00a0vor dem Schuss (= Waffe muss neu auf das Ziel ausgerichtet werden)<\/p>\n<p>&nbsp;<\/p>\n<p>MR308 (Kaliber 308 Win) ohne Bremse:<br \/>\n<iframe loading=\"lazy\" src=\"https:\/\/www.youtube.com\/embed\/xV2Gh5rKDl0?rel=0\" width=\"560\" height=\"315\" frameborder=\"0\" allowfullscreen=\"allowfullscreen\"><\/iframe><\/p>\n<p>Im 2. Video sieht man, wie die Pulvergase umgelenkt werden, die Waffe deutlich geradliniger\u00a0zur\u00fcck l\u00e4uft und an nahezu derselben Stelle\u00a0zur Ruhe kommt, wie vor dem Schuss (= Waffe ist wieder auf das Ziel gerichtet \/ muss weniger korrigiert werden)<\/p>\n<p>Daraus folgt: Es sind schnellere Folgesch\u00fcsse m\u00f6glich.<br \/>\nMR308 (Kaliber 308 Win) MIT Bremse:<br \/>\n<iframe loading=\"lazy\" src=\"https:\/\/www.youtube.com\/embed\/ewgttx0HiCI?rel=0\" width=\"560\" height=\"315\" frameborder=\"0\" allowfullscreen=\"allowfullscreen\"><\/iframe><\/p>\n<p>Beide Sch\u00fcsse wurden mit derselben Handlaborierung geschossen. Das verwendete Pulver ist N140.<\/p>\n<p>&nbsp;<\/p>\n<p><strong>Sie sind J\u00e4ger, und jagen auch nachts auf Sauen ?<\/strong><\/p>\n<p>Dann kennen Sie das: Sie beschie\u00dfen nachts eine Sau, durch den R\u00fccksto\u00df und Hochschlag der Waffe verlieren Sie das Ziel aus den Augen und durch das M\u00fcndungsfeuer sind Sie geblendet.<\/p>\n<p>Die beschossene Sau rennt, und Sie wissen nicht wohin. Sie verlieren durch die unangenehmen Effekte des Schusses wichtige Informationen.<\/p>\n<p>Eine gute M\u00fcndungsbremse vermindert \/ verhindert all diese Nachteile. Sie reduziert den Hochschlag und R\u00fccksto\u00df der Waffe, und unterdr\u00fcckt bestenfalls auch noch das M\u00fcndungsfeuer.<\/p>\n<p>&nbsp;<\/p>\n<p>Unsere neueste Bremse, die\u00a0Kl\u00e4rig Engineering Borelock M\u00fcndungsbremse, reduziert R\u00fccksto\u00df und Hochschlag der Waffe und dient au\u00dferdem als Aufnahme f\u00fcr die Borelock-Schalld\u00e4mpfer<\/p>\n<p>des finnischen Herstellers\u00a0\u00a0ASE Utra. In vielen Bundesl\u00e4ndern ist der Schalld\u00e4mpfer-Erwerb f\u00fcr J\u00e4ger problemlos m\u00f6glich geworden. Mit unserer Borelock Bremse kann man sich einen<\/p>\n<p>Schalld\u00e4mpfer f\u00fcr mehrere Waffen\u00a0teilen. Au\u00dferdem hat sie gegen\u00fcber den Original Ase Utra M\u00fcndungs-Aufs\u00e4tzen noch den Vorteil, dass sie deutlich k\u00fcrzer ist und f\u00fcr<\/p>\n<p>ALLE Borelock-Schalld\u00e4mpfer passt.<\/p>\n<p>Sie k\u00f6nnen also mit ein\u00a0und derselben\u00a0Bremse sowohl den Jet-Z-BL montieren, also auch D\u00e4mpfer aus der S-Serie (SL5-BL \/ SL7-BL).<\/p>\n<p>Auf eine Kaliberbegrenzung der Schalld\u00e4mpfer ist nat\u00fcrlich trotzdem zu achten ! (.223 kann man z.B. auch aus einem .308 D\u00e4mpfer verschie\u00dfen &#8211; .308 aus einem .223 D\u00e4mpfer GEHT NICHT !)<\/p>\n<p>&nbsp;<\/p>\n","protected":false},"excerpt":{"rendered":"<p>Was sind M\u00fcndungsbremsen \u00fcberhaupt ? M\u00fcndungsbremsen werden an\u00a0die\u00a0Laufm\u00fcndung einer Schusswaffe montiert, um bestimmte negative Eigenschaften zu reduzieren. Die Klassischen negativen Eigenschaften sind: R\u00fccksto\u00df, Hochschlag, M\u00fcndungsfeuer und Schussknall. Die ersten 3 Punkte (R\u00fccksto\u00df, Hochschlag und M\u00fcndungsfeuer) kann man mit einer guten Bremse reduzieren, den Schussknall nur mit einem\u00a0Schalld\u00e4mpfer. M\u00fcndungsbremsen k\u00f6nnen von jedermann frei erworben werden. Schalld\u00e4mpfer [&hellip;]<\/p>\n","protected":false},"author":1,"featured_media":0,"parent":0,"menu_order":0,"comment_status":"closed","ping_status":"closed","template":"","meta":{"footnotes":""},"class_list":["post-39","page","type-page","status-publish","czr-hentry"],"_links":{"self":[{"href":"https:\/\/klaerig-engineering.de\/index.php?rest_route=\/wp\/v2\/pages\/39","targetHints":{"allow":["GET"]}}],"collection":[{"href":"https:\/\/klaerig-engineering.de\/index.php?rest_route=\/wp\/v2\/pages"}],"about":[{"href":"https:\/\/klaerig-engineering.de\/index.php?rest_route=\/wp\/v2\/types\/page"}],"author":[{"embeddable":true,"href":"https:\/\/klaerig-engineering.de\/index.php?rest_route=\/wp\/v2\/users\/1"}],"replies":[{"embeddable":true,"href":"https:\/\/klaerig-engineering.de\/index.php?rest_route=%2Fwp%2Fv2%2Fcomments&post=39"}],"version-history":[{"count":14,"href":"https:\/\/klaerig-engineering.de\/index.php?rest_route=\/wp\/v2\/pages\/39\/revisions"}],"predecessor-version":[{"id":170,"href":"https:\/\/klaerig-engineering.de\/index.php?rest_route=\/wp\/v2\/pages\/39\/revisions\/170"}],"wp:attachment":[{"href":"https:\/\/klaerig-engineering.de\/index.php?rest_route=%2Fwp%2Fv2%2Fmedia&parent=39"}],"curies":[{"name":"wp","href":"https:\/\/api.w.org\/{rel}","templated":true}]}}